{"id":7,"date":"2020-09-08T13:36:07","date_gmt":"2020-09-08T16:36:07","guid":{"rendered":"https:\/\/luoniassistec.com.br\/?page_id=7"},"modified":"2023-06-22T12:18:16","modified_gmt":"2023-06-22T15:18:16","slug":"sobre","status":"publish","type":"page","link":"https:\/\/luoniassistec.com.br\/","title":{"rendered":"CNC e Sistemas de Automa\u00e7\u00e3o"},"content":{"rendered":"\n<p>Comercializa\u00e7\u00e3o de Sistemas de CNC, Motores e Acionamentos. <\/p>\n\n\n\n<p>Retrofitting e Instala\u00e7\u00e3o de M\u00e1quinas com Controles Num\u00e9ricos.<\/p>\n\n\n\n<p>Assist\u00eancia T\u00e9cnica de M\u00e1quinas a Controle Num\u00e9rico, CNC, Motores e Acionamentos.<\/p>\n\n\n\n<p>Projeto e Desenvolvimento de Software CLP, inclusive Esquema El\u00e9trico.<\/p>\n\n\n\n<p>Treinamento para Manuten\u00e7\u00e3o e Programa\u00e7\u00e3o de CNC e CLP.<\/p>\n\n\n\n<p>Manuten\u00e7\u00e3o de plantas industriais (el\u00e9trica, mec\u00e2nica e eletr\u00f4nica).<\/p>\n\n\n\n<p><strong>DISTRIBUIDOR AUTORIZADO ECS-BDF DIGITAL<\/strong><\/p>\n\n\n\n<figure class=\"wp-block-image size-full\"><img loading=\"lazy\" decoding=\"async\" width=\"626\" height=\"883\" src=\"https:\/\/luoniassistec.com.br\/wp-content\/uploads\/2023\/03\/Folder-Luoni-Assistec_page-0001_redimensionado-50-1.jpg\" alt=\"\" class=\"wp-image-71\" srcset=\"https:\/\/luoniassistec.com.br\/wp-content\/uploads\/2023\/03\/Folder-Luoni-Assistec_page-0001_redimensionado-50-1.jpg 626w, https:\/\/luoniassistec.com.br\/wp-content\/uploads\/2023\/03\/Folder-Luoni-Assistec_page-0001_redimensionado-50-1-213x300.jpg 213w\" sizes=\"auto, (max-width: 626px) 100vw, 626px\" \/><\/figure>\n\n\n<ul class=\"wp-block-page-list\"><li class=\"wp-block-pages-list__item menu-item-home\"><a class=\"wp-block-pages-list__item__link\" href=\"https:\/\/luoniassistec.com.br\/\">CNC e Sistemas de Automa\u00e7\u00e3o<\/a><\/li><li class=\"wp-block-pages-list__item\"><a class=\"wp-block-pages-list__item__link\" href=\"https:\/\/luoniassistec.com.br\/?page_id=9\">Nossos Servi\u00e7os<\/a><\/li><li class=\"wp-block-pages-list__item\"><a class=\"wp-block-pages-list__item__link\" href=\"https:\/\/luoniassistec.com.br\/?page_id=87\">CNC 900COMPACT<\/a><\/li><li class=\"wp-block-pages-list__item\"><a class=\"wp-block-pages-list__item__link\" href=\"https:\/\/luoniassistec.com.br\/?page_id=8\">Contato<\/a><\/li><\/ul>","protected":false},"excerpt":{"rendered":"<p>Comercializa\u00e7\u00e3o de Sistemas de CNC, Motores e Acionamentos. Retrofitting e Instala\u00e7\u00e3o de M\u00e1quinas com Controles Num\u00e9ricos. Assist\u00eancia T\u00e9cnica de M\u00e1quinas a Controle Num\u00e9rico, CNC, Motores e Acionamentos. Projeto e Desenvolvimento de Software CLP, inclusive Esquema El\u00e9trico. Treinamento para Manuten\u00e7\u00e3o e Programa\u00e7\u00e3o de CNC e CLP. Manuten\u00e7\u00e3o de plantas industriais (el\u00e9trica, mec\u00e2nica e eletr\u00f4nica). DISTRIBUIDOR AUTORIZADO [&hellip;]<\/p>\n","protected":false},"author":1,"featured_media":0,"parent":0,"menu_order":0,"comment_status":"closed","ping_status":"closed","template":"","meta":{"footnotes":""},"class_list":["post-7","page","type-page","status-publish","hentry"],"yoast_head":"<!-- This site is optimized with the Yoast SEO plugin v14.0.1 - https:\/\/yoast.com\/wordpress\/plugins\/seo\/ -->\n<title>CNC e Sistemas de Automa\u00e7\u00e3o - LUONI ASSISTEC CNC Ltda.<\/title>\n<meta name=\"robots\" content=\"index, follow\" \/>\n<meta name=\"googlebot\" content=\"index, follow, max-snippet:-1, max-image-preview:large, max-video-preview:-1\" \/>\n<meta name=\"bingbot\" content=\"index, follow, max-snippet:-1, max-image-preview:large, max-video-preview:-1\" \/>\n<link rel=\"canonical\" href=\"https:\/\/luoniassistec.com.br\/\" \/>\n<meta property=\"og:locale\" content=\"pt_BR\" \/>\n<meta property=\"og:type\" content=\"article\" \/>\n<meta property=\"og:title\" content=\"CNC e Sistemas de Automa\u00e7\u00e3o - LUONI ASSISTEC CNC Ltda.\" \/>\n<meta property=\"og:description\" content=\"Comercializa\u00e7\u00e3o de Sistemas de CNC, Motores e Acionamentos. Retrofitting e Instala\u00e7\u00e3o de M\u00e1quinas com Controles Num\u00e9ricos. Assist\u00eancia T\u00e9cnica de M\u00e1quinas a Controle Num\u00e9rico, CNC, Motores e Acionamentos. Projeto e Desenvolvimento de Software CLP, inclusive Esquema El\u00e9trico. Treinamento para Manuten\u00e7\u00e3o e Programa\u00e7\u00e3o de CNC e CLP. Manuten\u00e7\u00e3o de plantas industriais (el\u00e9trica, mec\u00e2nica e eletr\u00f4nica). DISTRIBUIDOR AUTORIZADO [&hellip;]\" \/>\n<meta property=\"og:url\" content=\"https:\/\/luoniassistec.com.br\/\" \/>\n<meta property=\"og:site_name\" content=\"LUONI ASSISTEC CNC Ltda.\" \/>\n<meta property=\"article:modified_time\" content=\"2023-06-22T15:18:16+00:00\" \/>\n<meta property=\"og:image\" content=\"https:\/\/luoniassistec.com.br\/wp-content\/uploads\/2023\/03\/Folder-Luoni-Assistec_page-0001_redimensionado-50-1.jpg\" \/>\n<meta name=\"twitter:card\" content=\"summary_large_image\" \/>\n<script type=\"application\/ld+json\" class=\"yoast-schema-graph\">{\"@context\":\"https:\/\/schema.org\",\"@graph\":[{\"@type\":\"WebSite\",\"@id\":\"https:\/\/luoniassistec.com.br\/#website\",\"url\":\"https:\/\/luoniassistec.com.br\/\",\"name\":\"LUONI ASSISTEC CNC Ltda.\",\"description\":\"CNC e Sistemas de Automa\\u00e7\\u00e3o\",\"potentialAction\":[{\"@type\":\"SearchAction\",\"target\":\"https:\/\/luoniassistec.com.br\/?s={search_term_string}\",\"query-input\":\"required name=search_term_string\"}],\"inLanguage\":\"pt-BR\"},{\"@type\":\"ImageObject\",\"@id\":\"https:\/\/luoniassistec.com.br\/#primaryimage\",\"inLanguage\":\"pt-BR\",\"url\":\"https:\/\/luoniassistec.com.br\/wp-content\/uploads\/2023\/03\/Folder-Luoni-Assistec_page-0001_redimensionado-50-1.jpg\",\"width\":626,\"height\":883},{\"@type\":\"WebPage\",\"@id\":\"https:\/\/luoniassistec.com.br\/#webpage\",\"url\":\"https:\/\/luoniassistec.com.br\/\",\"name\":\"CNC e Sistemas de Automa\\u00e7\\u00e3o - LUONI ASSISTEC CNC Ltda.\",\"isPartOf\":{\"@id\":\"https:\/\/luoniassistec.com.br\/#website\"},\"primaryImageOfPage\":{\"@id\":\"https:\/\/luoniassistec.com.br\/#primaryimage\"},\"datePublished\":\"2020-09-08T16:36:07+00:00\",\"dateModified\":\"2023-06-22T15:18:16+00:00\",\"inLanguage\":\"pt-BR\",\"potentialAction\":[{\"@type\":\"ReadAction\",\"target\":[\"https:\/\/luoniassistec.com.br\/\"]}]}]}<\/script>\n<!-- \/ Yoast SEO plugin. -->","_links":{"self":[{"href":"https:\/\/luoniassistec.com.br\/index.php?rest_route=\/wp\/v2\/pages\/7","targetHints":{"allow":["GET"]}}],"collection":[{"href":"https:\/\/luoniassistec.com.br\/index.php?rest_route=\/wp\/v2\/pages"}],"about":[{"href":"https:\/\/luoniassistec.com.br\/index.php?rest_route=\/wp\/v2\/types\/page"}],"author":[{"embeddable":true,"href":"https:\/\/luoniassistec.com.br\/index.php?rest_route=\/wp\/v2\/users\/1"}],"replies":[{"embeddable":true,"href":"https:\/\/luoniassistec.com.br\/index.php?rest_route=%2Fwp%2Fv2%2Fcomments&post=7"}],"version-history":[{"count":9,"href":"https:\/\/luoniassistec.com.br\/index.php?rest_route=\/wp\/v2\/pages\/7\/revisions"}],"predecessor-version":[{"id":99,"href":"https:\/\/luoniassistec.com.br\/index.php?rest_route=\/wp\/v2\/pages\/7\/revisions\/99"}],"wp:attachment":[{"href":"https:\/\/luoniassistec.com.br\/index.php?rest_route=%2Fwp%2Fv2%2Fmedia&parent=7"}],"curies":[{"name":"wp","href":"https:\/\/api.w.org\/{rel}","templated":true}]}}