{"id":9,"date":"2020-09-08T13:36:07","date_gmt":"2020-09-08T16:36:07","guid":{"rendered":"https:\/\/luoniassistec.com.br\/?page_id=9"},"modified":"2023-06-22T12:31:20","modified_gmt":"2023-06-22T15:31:20","slug":"blog","status":"publish","type":"page","link":"https:\/\/luoniassistec.com.br\/?page_id=9","title":{"rendered":"Nossos Servi\u00e7os"},"content":{"rendered":"\n<figure class=\"wp-block-image size-large\"><img loading=\"lazy\" decoding=\"async\" width=\"726\" height=\"1024\" src=\"https:\/\/luoniassistec.com.br\/wp-content\/uploads\/2023\/03\/Folder-Luoni-Assistec_page-0002-726x1024.jpg\" alt=\"\" class=\"wp-image-66\" srcset=\"https:\/\/luoniassistec.com.br\/wp-content\/uploads\/2023\/03\/Folder-Luoni-Assistec_page-0002-726x1024.jpg 726w, https:\/\/luoniassistec.com.br\/wp-content\/uploads\/2023\/03\/Folder-Luoni-Assistec_page-0002-213x300.jpg 213w, https:\/\/luoniassistec.com.br\/wp-content\/uploads\/2023\/03\/Folder-Luoni-Assistec_page-0002-768x1083.jpg 768w, https:\/\/luoniassistec.com.br\/wp-content\/uploads\/2023\/03\/Folder-Luoni-Assistec_page-0002-1089x1536.jpg 1089w, https:\/\/luoniassistec.com.br\/wp-content\/uploads\/2023\/03\/Folder-Luoni-Assistec_page-0002-1200x1693.jpg 1200w, https:\/\/luoniassistec.com.br\/wp-content\/uploads\/2023\/03\/Folder-Luoni-Assistec_page-0002.jpg 1252w\" sizes=\"auto, (max-width: 726px) 100vw, 726px\" \/><\/figure>\n","protected":false},"excerpt":{"rendered":"","protected":false},"author":1,"featured_media":43,"parent":0,"menu_order":2,"comment_status":"closed","ping_status":"closed","template":"","meta":{"footnotes":""},"class_list":["post-9","page","type-page","status-publish","has-post-thumbnail","hentry"],"yoast_head":"<!-- This site is optimized with the Yoast SEO plugin v14.0.1 - https:\/\/yoast.com\/wordpress\/plugins\/seo\/ -->\n<title>Nossos Servi\u00e7os - LUONI ASSISTEC CNC Ltda.<\/title>\n<meta name=\"description\" content=\"Comercializa\u00e7\u00e3o de Sistemas de CNC, Motores e Acionamentos. Retrofitting e Instala\u00e7\u00e3o de M\u00e1quinas com Controles Num\u00e9ricos. Assist\u00eancia T\u00e9cnica de M\u00e1quinas a Controle Num\u00e9rico, CNC, Motores e Acionamentos. Projeto e Desenvolvimento de Software CLP, inclusive Esquema El\u00e9trico. Treinamento para Manuten\u00e7\u00e3o e Programa\u00e7\u00e3o de CNC e CLP. Manuten\u00e7\u00e3o de plantas industriais (el\u00e9trica, mec\u00e2nica e eletr\u00f4nica). DISTRIBUIDOR AUTORIZADO ECS-BDF DIGITAL; www.bdfdigital.com; www.ecs.it;\" \/>\n<meta name=\"robots\" content=\"index, follow\" \/>\n<meta name=\"googlebot\" content=\"index, follow, max-snippet:-1, max-image-preview:large, max-video-preview:-1\" \/>\n<meta name=\"bingbot\" content=\"index, follow, max-snippet:-1, max-image-preview:large, max-video-preview:-1\" \/>\n<link rel=\"canonical\" href=\"https:\/\/luoniassistec.com.br\/?page_id=9\/\" \/>\n<meta property=\"og:locale\" content=\"pt_BR\" \/>\n<meta property=\"og:type\" content=\"article\" \/>\n<meta property=\"og:title\" content=\"Nossos Servi\u00e7os - LUONI ASSISTEC CNC Ltda.\" \/>\n<meta property=\"og:description\" content=\"Comercializa\u00e7\u00e3o de Sistemas de CNC, Motores e Acionamentos. Retrofitting e Instala\u00e7\u00e3o de M\u00e1quinas com Controles Num\u00e9ricos. Assist\u00eancia T\u00e9cnica de M\u00e1quinas a Controle Num\u00e9rico, CNC, Motores e Acionamentos. Projeto e Desenvolvimento de Software CLP, inclusive Esquema El\u00e9trico. Treinamento para Manuten\u00e7\u00e3o e Programa\u00e7\u00e3o de CNC e CLP. Manuten\u00e7\u00e3o de plantas industriais (el\u00e9trica, mec\u00e2nica e eletr\u00f4nica). DISTRIBUIDOR AUTORIZADO ECS-BDF DIGITAL; www.bdfdigital.com; www.ecs.it;\" \/>\n<meta property=\"og:url\" content=\"https:\/\/luoniassistec.com.br\/?page_id=9\/\" \/>\n<meta property=\"og:site_name\" content=\"LUONI ASSISTEC CNC Ltda.\" \/>\n<meta property=\"article:modified_time\" content=\"2023-06-22T15:31:20+00:00\" \/>\n<meta property=\"og:image\" content=\"https:\/\/luoniassistec.com.br\/wp-content\/uploads\/2020\/09\/CNC901S.jpg\" \/>\n\t<meta property=\"og:image:width\" content=\"1500\" \/>\n\t<meta property=\"og:image:height\" content=\"1500\" \/>\n<meta name=\"twitter:card\" content=\"summary_large_image\" \/>\n<script type=\"application\/ld+json\" class=\"yoast-schema-graph\">{\"@context\":\"https:\/\/schema.org\",\"@graph\":[{\"@type\":\"WebSite\",\"@id\":\"https:\/\/luoniassistec.com.br\/#website\",\"url\":\"https:\/\/luoniassistec.com.br\/\",\"name\":\"LUONI ASSISTEC CNC Ltda.\",\"description\":\"CNC e Sistemas de Automa\\u00e7\\u00e3o\",\"potentialAction\":[{\"@type\":\"SearchAction\",\"target\":\"https:\/\/luoniassistec.com.br\/?s={search_term_string}\",\"query-input\":\"required name=search_term_string\"}],\"inLanguage\":\"pt-BR\"},{\"@type\":\"ImageObject\",\"@id\":\"https:\/\/luoniassistec.com.br\/?page_id=9\/#primaryimage\",\"inLanguage\":\"pt-BR\",\"url\":\"https:\/\/luoniassistec.com.br\/wp-content\/uploads\/2020\/09\/CNC901S.jpg\",\"width\":1500,\"height\":1500},{\"@type\":\"WebPage\",\"@id\":\"https:\/\/luoniassistec.com.br\/?page_id=9\/#webpage\",\"url\":\"https:\/\/luoniassistec.com.br\/?page_id=9\/\",\"name\":\"Nossos Servi\\u00e7os - LUONI ASSISTEC CNC Ltda.\",\"isPartOf\":{\"@id\":\"https:\/\/luoniassistec.com.br\/#website\"},\"primaryImageOfPage\":{\"@id\":\"https:\/\/luoniassistec.com.br\/?page_id=9\/#primaryimage\"},\"datePublished\":\"2020-09-08T16:36:07+00:00\",\"dateModified\":\"2023-06-22T15:31:20+00:00\",\"description\":\"Comercializa\\u00e7\\u00e3o de Sistemas de CNC, Motores e Acionamentos. Retrofitting e Instala\\u00e7\\u00e3o de M\\u00e1quinas com Controles Num\\u00e9ricos. Assist\\u00eancia T\\u00e9cnica de M\\u00e1quinas a Controle Num\\u00e9rico, CNC, Motores e Acionamentos. Projeto e Desenvolvimento de Software CLP, inclusive Esquema El\\u00e9trico. Treinamento para Manuten\\u00e7\\u00e3o e Programa\\u00e7\\u00e3o de CNC e CLP. Manuten\\u00e7\\u00e3o de plantas industriais (el\\u00e9trica, mec\\u00e2nica e eletr\\u00f4nica). DISTRIBUIDOR AUTORIZADO ECS-BDF DIGITAL; www.bdfdigital.com; www.ecs.it;\",\"inLanguage\":\"pt-BR\",\"potentialAction\":[{\"@type\":\"ReadAction\",\"target\":[\"https:\/\/luoniassistec.com.br\/?page_id=9\/\"]}]}]}<\/script>\n<!-- \/ Yoast SEO plugin. -->","_links":{"self":[{"href":"https:\/\/luoniassistec.com.br\/index.php?rest_route=\/wp\/v2\/pages\/9","targetHints":{"allow":["GET"]}}],"collection":[{"href":"https:\/\/luoniassistec.com.br\/index.php?rest_route=\/wp\/v2\/pages"}],"about":[{"href":"https:\/\/luoniassistec.com.br\/index.php?rest_route=\/wp\/v2\/types\/page"}],"author":[{"embeddable":true,"href":"https:\/\/luoniassistec.com.br\/index.php?rest_route=\/wp\/v2\/users\/1"}],"replies":[{"embeddable":true,"href":"https:\/\/luoniassistec.com.br\/index.php?rest_route=%2Fwp%2Fv2%2Fcomments&post=9"}],"version-history":[{"count":6,"href":"https:\/\/luoniassistec.com.br\/index.php?rest_route=\/wp\/v2\/pages\/9\/revisions"}],"predecessor-version":[{"id":109,"href":"https:\/\/luoniassistec.com.br\/index.php?rest_route=\/wp\/v2\/pages\/9\/revisions\/109"}],"wp:featuredmedia":[{"embeddable":true,"href":"https:\/\/luoniassistec.com.br\/index.php?rest_route=\/wp\/v2\/media\/43"}],"wp:attachment":[{"href":"https:\/\/luoniassistec.com.br\/index.php?rest_route=%2Fwp%2Fv2%2Fmedia&parent=9"}],"curies":[{"name":"wp","href":"https:\/\/api.w.org\/{rel}","templated":true}]}}